{"id":20,"date":"2021-08-31T20:08:32","date_gmt":"2021-08-31T20:08:32","guid":{"rendered":"https:\/\/polsterwerkstatt-schroeter.de\/?page_id=20"},"modified":"2021-09-05T12:41:30","modified_gmt":"2021-09-05T12:41:30","slug":"willkommen","status":"publish","type":"page","link":"https:\/\/polsterwerkstatt-schroeter.de\/","title":{"rendered":"Home"},"content":{"rendered":"\n<figure class=\"wp-block-image size-full\"><img loading=\"lazy\" decoding=\"async\" width=\"952\" height=\"250\" src=\"https:\/\/polsterwerkstatt-schroeter.de\/wp-content\/uploads\/2021\/08\/cropped-polsterwerkstatt1.png\" alt=\"\" class=\"wp-image-10\" srcset=\"https:\/\/polsterwerkstatt-schroeter.de\/wp-content\/uploads\/2021\/08\/cropped-polsterwerkstatt1.png 952w, https:\/\/polsterwerkstatt-schroeter.de\/wp-content\/uploads\/2021\/08\/cropped-polsterwerkstatt1-300x79.png 300w, https:\/\/polsterwerkstatt-schroeter.de\/wp-content\/uploads\/2021\/08\/cropped-polsterwerkstatt1-768x202.png 768w\" sizes=\"auto, (max-width: 767px) 89vw, (max-width: 1000px) 54vw, (max-width: 1071px) 543px, 580px\" \/><\/figure>\n\n\n\n<p class=\"has-text-align-center\"><em>Bei uns werden Polsterarbeiten von Klassisch bis Modern durchgef\u00fchrt.<br>Hier werden Ihre Polsterm\u00f6bel noch mit richtigen Rosshaar aufgepolstert und geschn\u00fcrt.<\/em><\/p>\n\n\n<style>#kt-layout-id_f202aa-06 > .kt-row-column-wrap{align-content:start;}:where(#kt-layout-id_f202aa-06 > .kt-row-column-wrap) > .wp-block-kadence-column{justify-content:start;}#kt-layout-id_f202aa-06 > .kt-row-column-wrap{column-gap:var(--global-kb-gap-md, 2rem);row-gap:var(--global-kb-gap-md, 2rem);padding-top:var( --global-kb-row-default-top, 25px );padding-bottom:var( --global-kb-row-default-bottom, 25px );padding-top:var(--global-kb-spacing-sm, 1.5rem);padding-bottom:var(--global-kb-spacing-sm, 1.5rem);}#kt-layout-id_f202aa-06 > .kt-row-column-wrap > div:not(.added-for-specificity){grid-column:initial;}#kt-layout-id_f202aa-06 > .kt-row-column-wrap{grid-template-columns:repeat(3, minmax(0, 1fr));}#kt-layout-id_f202aa-06 > .kt-row-layout-overlay{opacity:0.30;}@media all and (max-width: 1024px){#kt-layout-id_f202aa-06 > .kt-row-column-wrap > div:not(.added-for-specificity){grid-column:initial;}}@media all and (max-width: 1024px){#kt-layout-id_f202aa-06 > .kt-row-column-wrap{grid-template-columns:repeat(3, minmax(0, 1fr));}}@media all and (max-width: 767px){#kt-layout-id_f202aa-06 > .kt-row-column-wrap > div:not(.added-for-specificity){grid-column:initial;}#kt-layout-id_f202aa-06 > .kt-row-column-wrap{grid-template-columns:minmax(0, 1fr);}}<\/style>\n<div class=\"wp-block-kadence-rowlayout alignnone\"><div id=\"kt-layout-id_f202aa-06\" class=\"kt-row-layout-inner kt-layout-id_f202aa-06\"><div class=\"kt-row-column-wrap kt-has-3-columns kt-gutter-default kt-v-gutter-default kt-row-valign-top kt-row-layout-equal kt-tab-layout-inherit kt-m-colapse-left-to-right kt-mobile-layout-row\"><style>.kadence-column_730b41-ef > .kt-inside-inner-col{border-top-width:0px;border-right-width:0px;border-bottom-width:0px;border-left-width:0px;}.kadence-column_730b41-ef > .kt-inside-inner-col,.kadence-column_730b41-ef > .kt-inside-inner-col:before{border-top-left-radius:0px;border-top-right-radius:0px;border-bottom-right-radius:0px;border-bottom-left-radius:0px;}.kadence-column_730b41-ef > .kt-inside-inner-col{column-gap:var(--global-kb-gap-sm, 1rem);}.kadence-column_730b41-ef > .kt-inside-inner-col{flex-direction:column;}.kadence-column_730b41-ef > .kt-inside-inner-col > .aligncenter{width:100%;}.kadence-column_730b41-ef > .kt-inside-inner-col:before{opacity:0.3;}.kadence-column_730b41-ef{position:relative;}@media all and (max-width: 1024px){.kadence-column_730b41-ef > .kt-inside-inner-col{flex-direction:column;justify-content:center;}}@media all and (max-width: 767px){.kadence-column_730b41-ef > .kt-inside-inner-col{flex-direction:column;justify-content:center;}}<\/style>\n<div class=\"wp-block-kadence-column inner-column-1 kadence-column_730b41-ef\"><div class=\"kt-inside-inner-col\">\n<figure class=\"wp-block-image size-large is-style-rounded\"><img loading=\"lazy\" decoding=\"async\" width=\"1024\" height=\"768\" src=\"https:\/\/polsterwerkstatt-schroeter.de\/wp-content\/uploads\/2021\/09\/Markt_002-1024x768.jpg\" alt=\"\" class=\"wp-image-67\" srcset=\"https:\/\/polsterwerkstatt-schroeter.de\/wp-content\/uploads\/2021\/09\/Markt_002-1024x768.jpg 1024w, https:\/\/polsterwerkstatt-schroeter.de\/wp-content\/uploads\/2021\/09\/Markt_002-300x225.jpg 300w, https:\/\/polsterwerkstatt-schroeter.de\/wp-content\/uploads\/2021\/09\/Markt_002-768x576.jpg 768w, https:\/\/polsterwerkstatt-schroeter.de\/wp-content\/uploads\/2021\/09\/Markt_002-1536x1152.jpg 1536w, https:\/\/polsterwerkstatt-schroeter.de\/wp-content\/uploads\/2021\/09\/Markt_002-2048x1536.jpg 2048w\" sizes=\"auto, (max-width: 767px) 89vw, (max-width: 1000px) 54vw, (max-width: 1071px) 543px, 580px\" \/><\/figure>\n<\/div><\/div>\n\n\n<style>.kadence-column_98d5bb-db > .kt-inside-inner-col{border-top-width:0px;border-right-width:0px;border-bottom-width:0px;border-left-width:0px;}.kadence-column_98d5bb-db > .kt-inside-inner-col,.kadence-column_98d5bb-db > .kt-inside-inner-col:before{border-top-left-radius:0px;border-top-right-radius:0px;border-bottom-right-radius:0px;border-bottom-left-radius:0px;}.kadence-column_98d5bb-db > .kt-inside-inner-col{column-gap:var(--global-kb-gap-sm, 1rem);}.kadence-column_98d5bb-db > .kt-inside-inner-col{flex-direction:column;}.kadence-column_98d5bb-db > .kt-inside-inner-col > .aligncenter{width:100%;}.kadence-column_98d5bb-db > .kt-inside-inner-col:before{opacity:0.3;}.kadence-column_98d5bb-db{position:relative;}@media all and (max-width: 1024px){.kadence-column_98d5bb-db > .kt-inside-inner-col{flex-direction:column;justify-content:center;}}@media all and (max-width: 767px){.kadence-column_98d5bb-db > .kt-inside-inner-col{flex-direction:column;justify-content:center;}}<\/style>\n<div class=\"wp-block-kadence-column inner-column-2 kadence-column_98d5bb-db\"><div class=\"kt-inside-inner-col\">\n<div class=\"wp-block-image is-style-rounded\"><figure class=\"aligncenter size-large is-resized\"><img loading=\"lazy\" decoding=\"async\" src=\"https:\/\/polsterwerkstatt-schroeter.de\/wp-content\/uploads\/2021\/09\/762e89bc-b34d-4e9e-bb21-4d1488d0941c-768x1024.jpg\" alt=\"\" class=\"wp-image-125\" width=\"131\" height=\"174\" srcset=\"https:\/\/polsterwerkstatt-schroeter.de\/wp-content\/uploads\/2021\/09\/762e89bc-b34d-4e9e-bb21-4d1488d0941c-768x1024.jpg 768w, https:\/\/polsterwerkstatt-schroeter.de\/wp-content\/uploads\/2021\/09\/762e89bc-b34d-4e9e-bb21-4d1488d0941c-225x300.jpg 225w, https:\/\/polsterwerkstatt-schroeter.de\/wp-content\/uploads\/2021\/09\/762e89bc-b34d-4e9e-bb21-4d1488d0941c-1152x1536.jpg 1152w, https:\/\/polsterwerkstatt-schroeter.de\/wp-content\/uploads\/2021\/09\/762e89bc-b34d-4e9e-bb21-4d1488d0941c.jpg 1200w\" sizes=\"auto, (max-width: 131px) 100vw, 131px\" \/><\/figure><\/div>\n<\/div><\/div>\n\n\n<style>.kadence-column_1a761b-b2 > .kt-inside-inner-col{border-top-width:0px;border-right-width:0px;border-bottom-width:0px;border-left-width:0px;}.kadence-column_1a761b-b2 > .kt-inside-inner-col,.kadence-column_1a761b-b2 > .kt-inside-inner-col:before{border-top-left-radius:0px;border-top-right-radius:0px;border-bottom-right-radius:0px;border-bottom-left-radius:0px;}.kadence-column_1a761b-b2 > .kt-inside-inner-col{column-gap:var(--global-kb-gap-sm, 1rem);}.kadence-column_1a761b-b2 > .kt-inside-inner-col{flex-direction:column;}.kadence-column_1a761b-b2 > .kt-inside-inner-col > .aligncenter{width:100%;}.kadence-column_1a761b-b2 > .kt-inside-inner-col:before{opacity:0.3;}.kadence-column_1a761b-b2{position:relative;}@media all and (max-width: 1024px){.kadence-column_1a761b-b2 > .kt-inside-inner-col{flex-direction:column;justify-content:center;}}@media all and (max-width: 767px){.kadence-column_1a761b-b2 > .kt-inside-inner-col{flex-direction:column;justify-content:center;}}<\/style>\n<div class=\"wp-block-kadence-column inner-column-3 kadence-column_1a761b-b2\"><div class=\"kt-inside-inner-col\">\n<div class=\"wp-block-image is-style-rounded\"><figure class=\"aligncenter size-large is-resized\"><img loading=\"lazy\" decoding=\"async\" src=\"https:\/\/polsterwerkstatt-schroeter.de\/wp-content\/uploads\/2021\/09\/7bd5645b-afe3-46dd-b3c7-4f6ef216c56b-768x1024.jpg\" alt=\"\" class=\"wp-image-124\" width=\"134\" height=\"178\" srcset=\"https:\/\/polsterwerkstatt-schroeter.de\/wp-content\/uploads\/2021\/09\/7bd5645b-afe3-46dd-b3c7-4f6ef216c56b-768x1024.jpg 768w, https:\/\/polsterwerkstatt-schroeter.de\/wp-content\/uploads\/2021\/09\/7bd5645b-afe3-46dd-b3c7-4f6ef216c56b-225x300.jpg 225w, https:\/\/polsterwerkstatt-schroeter.de\/wp-content\/uploads\/2021\/09\/7bd5645b-afe3-46dd-b3c7-4f6ef216c56b-1152x1536.jpg 1152w, https:\/\/polsterwerkstatt-schroeter.de\/wp-content\/uploads\/2021\/09\/7bd5645b-afe3-46dd-b3c7-4f6ef216c56b.jpg 1200w\" sizes=\"auto, (max-width: 134px) 100vw, 134px\" \/><\/figure><\/div>\n<\/div><\/div>\n<\/div><\/div><\/div>\n\n\n\n<p class=\"has-text-align-center\"><em>Preiswertes und kundengerechtes Arbeiten ( z.B. Ma\u00dfanfertigungen ) ist bei uns eine Selbstverst\u00e4ndlichkeit.<\/em><\/p>\n\n\n\n<p class=\"has-text-align-center\"><em>Auch Schaumstoffpolsterungen werden ganz nach Ihren w\u00fcnschen ausgef\u00fchrt.<\/em><\/p>\n\n\n\n<p class=\"has-text-align-center\"><em>Treten Sie mit uns Verbindung,<br>gern machen wir Ihnen ein Kostenangebot.<br>Wir kommen auch zu Ihnen nach Hause und beraten Sie vor Ort.<\/em><\/p>\n\n\n\n<p class=\"has-text-align-center\"><em>Zur Auswahl stehen ca. 3000 Bezugsstoffe.<\/em><\/p>\n","protected":false},"excerpt":{"rendered":"<p>Bei uns werden Polsterarbeiten von Klassisch bis Modern durchgef\u00fchrt.Hier werden Ihre Polsterm\u00f6bel noch mit richtigen Rosshaar aufgepolstert und geschn\u00fcrt. Preiswertes und kundengerechtes Arbeiten ( z.B. Ma\u00dfanfertigungen ) ist bei uns &hellip; <\/p>\n<p class=\"link-more\"><a href=\"https:\/\/polsterwerkstatt-schroeter.de\/\" class=\"more-link\"><span class=\"screen-reader-text\">\u201eHome\u201c <\/span>weiterlesen<\/a><\/p>\n","protected":false},"author":1,"featured_media":0,"parent":0,"menu_order":0,"comment_status":"closed","ping_status":"closed","template":"","meta":{"ngg_post_thumbnail":0,"footnotes":""},"class_list":["post-20","page","type-page","status-publish","hentry"],"_links":{"self":[{"href":"https:\/\/polsterwerkstatt-schroeter.de\/index.php?rest_route=\/wp\/v2\/pages\/20","targetHints":{"allow":["GET"]}}],"collection":[{"href":"https:\/\/polsterwerkstatt-schroeter.de\/index.php?rest_route=\/wp\/v2\/pages"}],"about":[{"href":"https:\/\/polsterwerkstatt-schroeter.de\/index.php?rest_route=\/wp\/v2\/types\/page"}],"author":[{"embeddable":true,"href":"https:\/\/polsterwerkstatt-schroeter.de\/index.php?rest_route=\/wp\/v2\/users\/1"}],"replies":[{"embeddable":true,"href":"https:\/\/polsterwerkstatt-schroeter.de\/index.php?rest_route=%2Fwp%2Fv2%2Fcomments&post=20"}],"version-history":[{"count":4,"href":"https:\/\/polsterwerkstatt-schroeter.de\/index.php?rest_route=\/wp\/v2\/pages\/20\/revisions"}],"predecessor-version":[{"id":153,"href":"https:\/\/polsterwerkstatt-schroeter.de\/index.php?rest_route=\/wp\/v2\/pages\/20\/revisions\/153"}],"wp:attachment":[{"href":"https:\/\/polsterwerkstatt-schroeter.de\/index.php?rest_route=%2Fwp%2Fv2%2Fmedia&parent=20"}],"curies":[{"name":"wp","href":"https:\/\/api.w.org\/{rel}","templated":true}]}}