{"id":30,"date":"2021-08-31T20:22:06","date_gmt":"2021-08-31T20:22:06","guid":{"rendered":"https:\/\/polsterwerkstatt-schroeter.de\/?page_id=30"},"modified":"2021-09-05T12:34:11","modified_gmt":"2021-09-05T12:34:11","slug":"polsterei","status":"publish","type":"page","link":"https:\/\/polsterwerkstatt-schroeter.de\/?page_id=30","title":{"rendered":"Polsterei"},"content":{"rendered":"\n<p class=\"has-text-align-center\"><em>Bei uns werden Polsterarbeiten von Klassisch bis Modern durchgef\u00fchrt.<br>Hier werden Ihre Polsterm\u00f6bel noch mit richtigen Rosshaar aufgepolstert und geschn\u00fcrt.<\/em><\/p>\n\n\n<style>#kt-layout-id_3ea6e9-0d > .kt-row-column-wrap{align-content:start;}:where(#kt-layout-id_3ea6e9-0d > .kt-row-column-wrap) > .wp-block-kadence-column{justify-content:start;}#kt-layout-id_3ea6e9-0d > .kt-row-column-wrap{column-gap:var(--global-kb-gap-md, 2rem);row-gap:var(--global-kb-gap-md, 2rem);padding-top:var( --global-kb-row-default-top, 25px );padding-bottom:var( --global-kb-row-default-bottom, 25px );padding-top:var(--global-kb-spacing-sm, 1.5rem);padding-bottom:var(--global-kb-spacing-sm, 1.5rem);grid-template-columns:repeat(2, minmax(0, 1fr));}#kt-layout-id_3ea6e9-0d > .kt-row-layout-overlay{opacity:0.30;}@media all and (max-width: 1024px){#kt-layout-id_3ea6e9-0d > .kt-row-column-wrap{grid-template-columns:repeat(2, minmax(0, 1fr));}}@media all and (max-width: 767px){#kt-layout-id_3ea6e9-0d > .kt-row-column-wrap{grid-template-columns:minmax(0, 1fr);}}<\/style>\n<div class=\"wp-block-kadence-rowlayout alignnone\"><div id=\"kt-layout-id_3ea6e9-0d\" class=\"kt-row-layout-inner kt-layout-id_3ea6e9-0d\"><div class=\"kt-row-column-wrap kt-has-2-columns kt-gutter-default kt-v-gutter-default kt-row-valign-top kt-row-layout-equal kt-tab-layout-inherit kt-m-colapse-left-to-right kt-mobile-layout-row\"><style>.kadence-column_512f29-be > .kt-inside-inner-col{border-top-width:0px;border-right-width:0px;border-bottom-width:0px;border-left-width:0px;}.kadence-column_512f29-be > .kt-inside-inner-col,.kadence-column_512f29-be > .kt-inside-inner-col:before{border-top-left-radius:0px;border-top-right-radius:0px;border-bottom-right-radius:0px;border-bottom-left-radius:0px;}.kadence-column_512f29-be > .kt-inside-inner-col{column-gap:var(--global-kb-gap-sm, 1rem);}.kadence-column_512f29-be > .kt-inside-inner-col{flex-direction:column;}.kadence-column_512f29-be > .kt-inside-inner-col > .aligncenter{width:100%;}.kadence-column_512f29-be > .kt-inside-inner-col:before{opacity:0.3;}.kadence-column_512f29-be{position:relative;}@media all and (max-width: 1024px){.kadence-column_512f29-be > .kt-inside-inner-col{flex-direction:column;justify-content:center;}}@media all and (max-width: 767px){.kadence-column_512f29-be > .kt-inside-inner-col{flex-direction:column;justify-content:center;}}<\/style>\n<div class=\"wp-block-kadence-column inner-column-1 kadence-column_512f29-be\"><div class=\"kt-inside-inner-col\">\n<figure class=\"wp-block-image size-large\"><img loading=\"lazy\" decoding=\"async\" width=\"1024\" height=\"582\" src=\"https:\/\/polsterwerkstatt-schroeter.de\/wp-content\/uploads\/2021\/09\/Scannen0063-1024x582.jpg\" alt=\"\" class=\"wp-image-127\" srcset=\"https:\/\/polsterwerkstatt-schroeter.de\/wp-content\/uploads\/2021\/09\/Scannen0063-1024x582.jpg 1024w, https:\/\/polsterwerkstatt-schroeter.de\/wp-content\/uploads\/2021\/09\/Scannen0063-300x171.jpg 300w, https:\/\/polsterwerkstatt-schroeter.de\/wp-content\/uploads\/2021\/09\/Scannen0063-768x436.jpg 768w, https:\/\/polsterwerkstatt-schroeter.de\/wp-content\/uploads\/2021\/09\/Scannen0063.jpg 1390w\" sizes=\"auto, (max-width: 767px) 89vw, (max-width: 1000px) 54vw, (max-width: 1071px) 543px, 580px\" \/><\/figure>\n<\/div><\/div>\n\n\n<style>.kadence-column_1ad3a3-83 > .kt-inside-inner-col{border-top-width:0px;border-right-width:0px;border-bottom-width:0px;border-left-width:0px;}.kadence-column_1ad3a3-83 > .kt-inside-inner-col,.kadence-column_1ad3a3-83 > .kt-inside-inner-col:before{border-top-left-radius:0px;border-top-right-radius:0px;border-bottom-right-radius:0px;border-bottom-left-radius:0px;}.kadence-column_1ad3a3-83 > .kt-inside-inner-col{column-gap:var(--global-kb-gap-sm, 1rem);}.kadence-column_1ad3a3-83 > .kt-inside-inner-col{flex-direction:column;}.kadence-column_1ad3a3-83 > .kt-inside-inner-col > .aligncenter{width:100%;}.kadence-column_1ad3a3-83 > .kt-inside-inner-col:before{opacity:0.3;}.kadence-column_1ad3a3-83{position:relative;}@media all and (max-width: 1024px){.kadence-column_1ad3a3-83 > .kt-inside-inner-col{flex-direction:column;justify-content:center;}}@media all and (max-width: 767px){.kadence-column_1ad3a3-83 > .kt-inside-inner-col{flex-direction:column;justify-content:center;}}<\/style>\n<div class=\"wp-block-kadence-column inner-column-2 kadence-column_1ad3a3-83\"><div class=\"kt-inside-inner-col\">\n<figure class=\"wp-block-image size-large\"><img loading=\"lazy\" decoding=\"async\" width=\"1024\" height=\"575\" src=\"https:\/\/polsterwerkstatt-schroeter.de\/wp-content\/uploads\/2021\/09\/Scannen0050-1024x575.jpg\" alt=\"\" class=\"wp-image-126\" srcset=\"https:\/\/polsterwerkstatt-schroeter.de\/wp-content\/uploads\/2021\/09\/Scannen0050-1024x575.jpg 1024w, https:\/\/polsterwerkstatt-schroeter.de\/wp-content\/uploads\/2021\/09\/Scannen0050-300x169.jpg 300w, https:\/\/polsterwerkstatt-schroeter.de\/wp-content\/uploads\/2021\/09\/Scannen0050-768x432.jpg 768w, https:\/\/polsterwerkstatt-schroeter.de\/wp-content\/uploads\/2021\/09\/Scannen0050.jpg 1406w\" sizes=\"auto, (max-width: 767px) 89vw, (max-width: 1000px) 54vw, (max-width: 1071px) 543px, 580px\" \/><\/figure>\n<\/div><\/div>\n<\/div><\/div><\/div>\n\n\n\n<p class=\"has-text-align-center\"><em>Preiswertes und kundengerechtes Arbeiten ( z.B. Ma\u00dfanfertigungen ) ist bei uns eine Selbstverst\u00e4ndlichkeit.<\/em><\/p>\n\n\n\n<div class=\"wp-block-image\"><figure class=\"aligncenter size-large is-resized\"><img loading=\"lazy\" decoding=\"async\" src=\"https:\/\/polsterwerkstatt-schroeter.de\/wp-content\/uploads\/2021\/09\/IMG_3627-768x1024.jpg\" alt=\"\" class=\"wp-image-133\" width=\"216\" height=\"287\" srcset=\"https:\/\/polsterwerkstatt-schroeter.de\/wp-content\/uploads\/2021\/09\/IMG_3627-768x1024.jpg 768w, https:\/\/polsterwerkstatt-schroeter.de\/wp-content\/uploads\/2021\/09\/IMG_3627-225x300.jpg 225w, https:\/\/polsterwerkstatt-schroeter.de\/wp-content\/uploads\/2021\/09\/IMG_3627-1152x1536.jpg 1152w, https:\/\/polsterwerkstatt-schroeter.de\/wp-content\/uploads\/2021\/09\/IMG_3627-1536x2048.jpg 1536w, https:\/\/polsterwerkstatt-schroeter.de\/wp-content\/uploads\/2021\/09\/IMG_3627-scaled.jpg 1920w\" sizes=\"auto, (max-width: 216px) 100vw, 216px\" \/><\/figure><\/div>\n\n\n\n<p class=\"has-text-align-center\"><em>Auch Schaumstoffpolsterungen werden ganz nach Ihren w\u00fcnschen ausgef\u00fchrt.<\/em><\/p>\n\n\n<style>#kt-layout-id_f655f6-bc > .kt-row-column-wrap{align-content:start;}:where(#kt-layout-id_f655f6-bc > .kt-row-column-wrap) > .wp-block-kadence-column{justify-content:start;}#kt-layout-id_f655f6-bc > .kt-row-column-wrap{column-gap:var(--global-kb-gap-md, 2rem);row-gap:var(--global-kb-gap-md, 2rem);padding-top:var( --global-kb-row-default-top, 25px );padding-bottom:var( --global-kb-row-default-bottom, 25px );padding-top:var(--global-kb-spacing-sm, 1.5rem);padding-bottom:var(--global-kb-spacing-sm, 1.5rem);grid-template-columns:repeat(2, minmax(0, 1fr));}#kt-layout-id_f655f6-bc > .kt-row-layout-overlay{opacity:0.30;}@media all and (max-width: 1024px){#kt-layout-id_f655f6-bc > .kt-row-column-wrap{grid-template-columns:repeat(2, minmax(0, 1fr));}}@media all and (max-width: 767px){#kt-layout-id_f655f6-bc > .kt-row-column-wrap{grid-template-columns:minmax(0, 1fr);}}<\/style>\n<div class=\"wp-block-kadence-rowlayout alignnone\"><div id=\"kt-layout-id_f655f6-bc\" class=\"kt-row-layout-inner kt-layout-id_f655f6-bc\"><div class=\"kt-row-column-wrap kt-has-2-columns kt-gutter-default kt-v-gutter-default kt-row-valign-top kt-row-layout-equal kt-tab-layout-inherit kt-m-colapse-left-to-right kt-mobile-layout-row\"><style>.kadence-column_e2f951-64 > .kt-inside-inner-col{border-top-width:0px;border-right-width:0px;border-bottom-width:0px;border-left-width:0px;}.kadence-column_e2f951-64 > .kt-inside-inner-col,.kadence-column_e2f951-64 > .kt-inside-inner-col:before{border-top-left-radius:0px;border-top-right-radius:0px;border-bottom-right-radius:0px;border-bottom-left-radius:0px;}.kadence-column_e2f951-64 > .kt-inside-inner-col{column-gap:var(--global-kb-gap-sm, 1rem);}.kadence-column_e2f951-64 > .kt-inside-inner-col{flex-direction:column;}.kadence-column_e2f951-64 > .kt-inside-inner-col > .aligncenter{width:100%;}.kadence-column_e2f951-64 > .kt-inside-inner-col:before{opacity:0.3;}.kadence-column_e2f951-64{position:relative;}@media all and (max-width: 1024px){.kadence-column_e2f951-64 > .kt-inside-inner-col{flex-direction:column;justify-content:center;}}@media all and (max-width: 767px){.kadence-column_e2f951-64 > .kt-inside-inner-col{flex-direction:column;justify-content:center;}}<\/style>\n<div class=\"wp-block-kadence-column inner-column-1 kadence-column_e2f951-64\"><div class=\"kt-inside-inner-col\">\n<div class=\"wp-block-image\"><figure class=\"aligncenter size-large is-resized\"><img loading=\"lazy\" decoding=\"async\" src=\"https:\/\/polsterwerkstatt-schroeter.de\/wp-content\/uploads\/2021\/09\/IMG_5639-1024x768.jpg\" alt=\"\" class=\"wp-image-134\" width=\"264\" height=\"198\" srcset=\"https:\/\/polsterwerkstatt-schroeter.de\/wp-content\/uploads\/2021\/09\/IMG_5639-1024x768.jpg 1024w, https:\/\/polsterwerkstatt-schroeter.de\/wp-content\/uploads\/2021\/09\/IMG_5639-300x225.jpg 300w, https:\/\/polsterwerkstatt-schroeter.de\/wp-content\/uploads\/2021\/09\/IMG_5639-768x576.jpg 768w, https:\/\/polsterwerkstatt-schroeter.de\/wp-content\/uploads\/2021\/09\/IMG_5639-1536x1152.jpg 1536w, https:\/\/polsterwerkstatt-schroeter.de\/wp-content\/uploads\/2021\/09\/IMG_5639-2048x1536.jpg 2048w\" sizes=\"auto, (max-width: 264px) 100vw, 264px\" \/><\/figure><\/div>\n<\/div><\/div>\n\n\n<style>.kadence-column_96ba3a-6d > .kt-inside-inner-col{border-top-width:0px;border-right-width:0px;border-bottom-width:0px;border-left-width:0px;}.kadence-column_96ba3a-6d > .kt-inside-inner-col,.kadence-column_96ba3a-6d > .kt-inside-inner-col:before{border-top-left-radius:0px;border-top-right-radius:0px;border-bottom-right-radius:0px;border-bottom-left-radius:0px;}.kadence-column_96ba3a-6d > .kt-inside-inner-col{column-gap:var(--global-kb-gap-sm, 1rem);}.kadence-column_96ba3a-6d > .kt-inside-inner-col{flex-direction:column;}.kadence-column_96ba3a-6d > .kt-inside-inner-col > .aligncenter{width:100%;}.kadence-column_96ba3a-6d > .kt-inside-inner-col:before{opacity:0.3;}.kadence-column_96ba3a-6d{position:relative;}@media all and (max-width: 1024px){.kadence-column_96ba3a-6d > .kt-inside-inner-col{flex-direction:column;justify-content:center;}}@media all and (max-width: 767px){.kadence-column_96ba3a-6d > .kt-inside-inner-col{flex-direction:column;justify-content:center;}}<\/style>\n<div class=\"wp-block-kadence-column inner-column-2 kadence-column_96ba3a-6d\"><div class=\"kt-inside-inner-col\">\n<figure class=\"wp-block-image size-large is-resized\"><img loading=\"lazy\" decoding=\"async\" src=\"https:\/\/polsterwerkstatt-schroeter.de\/wp-content\/uploads\/2021\/09\/11032011039-1024x575.jpg\" alt=\"\" class=\"wp-image-60\" width=\"360\" height=\"202\" srcset=\"https:\/\/polsterwerkstatt-schroeter.de\/wp-content\/uploads\/2021\/09\/11032011039-1024x575.jpg 1024w, https:\/\/polsterwerkstatt-schroeter.de\/wp-content\/uploads\/2021\/09\/11032011039-300x169.jpg 300w, https:\/\/polsterwerkstatt-schroeter.de\/wp-content\/uploads\/2021\/09\/11032011039-768x431.jpg 768w, https:\/\/polsterwerkstatt-schroeter.de\/wp-content\/uploads\/2021\/09\/11032011039-1536x863.jpg 1536w, https:\/\/polsterwerkstatt-schroeter.de\/wp-content\/uploads\/2021\/09\/11032011039-2048x1150.jpg 2048w\" sizes=\"auto, (max-width: 360px) 100vw, 360px\" \/><\/figure>\n<\/div><\/div>\n<\/div><\/div><\/div>\n\n\n\n<p class=\"has-text-align-center\"><em>Treten Sie mit uns Verbindung,<br>gern machen wir Ihnen ein Kostenangebot.<br>Wir kommen auch zu Ihnen nach Hause und beraten Sie vor Ort. Zur Auswahl stehen ca. 3000 Bezugsstoffe.<\/em><\/p>\n","protected":false},"excerpt":{"rendered":"<p>Bei uns werden Polsterarbeiten von Klassisch bis Modern durchgef\u00fchrt.Hier werden Ihre Polsterm\u00f6bel noch mit richtigen Rosshaar aufgepolstert und geschn\u00fcrt. Preiswertes und kundengerechtes Arbeiten ( z.B. Ma\u00dfanfertigungen ) ist bei uns &hellip; <\/p>\n<p class=\"link-more\"><a href=\"https:\/\/polsterwerkstatt-schroeter.de\/?page_id=30\" class=\"more-link\"><span class=\"screen-reader-text\">\u201ePolsterei\u201c <\/span>weiterlesen<\/a><\/p>\n","protected":false},"author":1,"featured_media":0,"parent":0,"menu_order":0,"comment_status":"closed","ping_status":"closed","template":"","meta":{"ngg_post_thumbnail":0,"footnotes":""},"class_list":["post-30","page","type-page","status-publish","hentry"],"_links":{"self":[{"href":"https:\/\/polsterwerkstatt-schroeter.de\/index.php?rest_route=\/wp\/v2\/pages\/30","targetHints":{"allow":["GET"]}}],"collection":[{"href":"https:\/\/polsterwerkstatt-schroeter.de\/index.php?rest_route=\/wp\/v2\/pages"}],"about":[{"href":"https:\/\/polsterwerkstatt-schroeter.de\/index.php?rest_route=\/wp\/v2\/types\/page"}],"author":[{"embeddable":true,"href":"https:\/\/polsterwerkstatt-schroeter.de\/index.php?rest_route=\/wp\/v2\/users\/1"}],"replies":[{"embeddable":true,"href":"https:\/\/polsterwerkstatt-schroeter.de\/index.php?rest_route=%2Fwp%2Fv2%2Fcomments&post=30"}],"version-history":[{"count":2,"href":"https:\/\/polsterwerkstatt-schroeter.de\/index.php?rest_route=\/wp\/v2\/pages\/30\/revisions"}],"predecessor-version":[{"id":149,"href":"https:\/\/polsterwerkstatt-schroeter.de\/index.php?rest_route=\/wp\/v2\/pages\/30\/revisions\/149"}],"wp:attachment":[{"href":"https:\/\/polsterwerkstatt-schroeter.de\/index.php?rest_route=%2Fwp%2Fv2%2Fmedia&parent=30"}],"curies":[{"name":"wp","href":"https:\/\/api.w.org\/{rel}","templated":true}]}}